{"id":792,"date":"2022-02-17T17:33:49","date_gmt":"2022-02-17T16:33:49","guid":{"rendered":"https:\/\/www.filarmonicamaniago.it\/?page_id=792"},"modified":"2022-02-17T18:26:46","modified_gmt":"2022-02-17T17:26:46","slug":"alessandro-bertolo","status":"publish","type":"page","link":"https:\/\/www.filarmonicamaniago.it\/index.php\/alessandro-bertolo\/","title":{"rendered":"Alessandro Bertolo"},"content":{"rendered":"\t\t<div data-elementor-type=\"wp-page\" data-elementor-id=\"792\" class=\"elementor elementor-792\">\n\t\t\t\t\t\t<section class=\"elementor-section elementor-top-section elementor-element elementor-element-226e1d6 elementor-section-boxed elementor-section-height-default elementor-section-height-default\" data-id=\"226e1d6\" data-element_type=\"section\">\n\t\t\t\t\t\t<div class=\"elementor-container elementor-column-gap-default\">\n\t\t\t\t\t<div class=\"elementor-column elementor-col-50 elementor-top-column elementor-element elementor-element-2f69faa\" data-id=\"2f69faa\" data-element_type=\"column\">\n\t\t\t<div class=\"elementor-widget-wrap elementor-element-populated\">\n\t\t\t\t\t\t<div class=\"elementor-element elementor-element-6669501 elementor-widget elementor-widget-image\" data-id=\"6669501\" data-element_type=\"widget\" data-widget_type=\"image.default\">\n\t\t\t\t<div class=\"elementor-widget-container\">\n\t\t\t\t\t\t\t\t\t\t\t\t\t\t\t<img decoding=\"async\" src=\"https:\/\/www.filarmonicamaniago.it\/wp-content\/uploads\/elementor\/thumbs\/FOTO-BERTOLO-ALESSANDRO-prr5brqarjvwelzjjgqf23t93jbrh5zfdowly2ed28.jpg\" title=\"FOTO BERTOLO ALESSANDRO\" alt=\"FOTO BERTOLO ALESSANDRO\" loading=\"lazy\" \/>\t\t\t\t\t\t\t\t\t\t\t\t\t\t\t<\/div>\n\t\t\t\t<\/div>\n\t\t\t\t\t<\/div>\n\t\t<\/div>\n\t\t\t\t<div class=\"elementor-column elementor-col-50 elementor-top-column elementor-element elementor-element-406bde9\" data-id=\"406bde9\" data-element_type=\"column\">\n\t\t\t<div class=\"elementor-widget-wrap elementor-element-populated\">\n\t\t\t\t\t\t<div class=\"elementor-element elementor-element-467e4ec elementor-widget elementor-widget-text-editor\" data-id=\"467e4ec\" data-element_type=\"widget\" data-widget_type=\"text-editor.default\">\n\t\t\t\t<div class=\"elementor-widget-container\">\n\t\t\t\t\t\t\t\t\t<p><span style=\"color: #000000;\">Bertolo Alessandro muove i primi passi nel mondo musicale con lo studio della chitarra classica sotto la guida del insegnante Lia Fabrizi, per passare qualche anno pi\u00f9 tardi alla sua pi\u00f9 vera passione, la chitarra elettrica.<\/span><br \/><span style=\"color: #000000;\">Comincia a suonare con la hard rock band \u201cA 200\u201d proponendo musiche di Jimi Hendrix, Emerson Lake &amp; Palmer, Uriah Heep, \u00a0Led Zeppelin, Deep Purple e Black Sabbath suonando in molti locali del Friuli Venezia Giulia e in molti motoraduni della regione.<\/span><br \/><span style=\"color: #000000;\">Nel frattempo si addentra nel linguaggio jazzistico studiando con Cesare Coletti per passare l&#8217;anno successivo al CPM di Milano diretto da uno dei pi\u00f9 famosi chitarristi italiani, Franco Mussida, studiando con Marcello Marcellini, Alessandro Bianchi, Tony La Gruttola e Massimo Colombo. Terminato questo periodo didattico si incontra con la cantante Monica Guareschi e d\u00e0 vita ad un progetto acustico che porter\u00e0 il duo a suonare nei pi\u00f9 prestigiosi locali del triveneto.<\/span><br \/><span style=\"color: #000000;\">Finita anche quest&#8217;ultima ed interessante esperienza comincia a formare o a collaborare con innumerevoli band, tra i progetti pi\u00f9 riusciti si possono citare la riformazione degli ELIOVOX (longeva funky-<wbr \/>blues band del pordenonese), BUENA ONDA (specializzata in brani di successo \u00a0eseguiti in matrice rock, con all&#8217; attivo anche delle date nel cantone tedesco della svizzera) i VIZI CAPITALI (rock band che oltre a cover proponeva dei brani propri scritti dal sottoscritto e dal cantante Luca Giovannini), VIZIO ACUSTICO (altro duo acustico sempre assieme a Giovannini) e la PURPLE BAND, band tributo ai mitici DEEP PURPLE suonando anche questa volta nei locali e nei motoraduni pi\u00f9 importanti del triveneto.<\/span><br \/><span style=\"color: #000000;\">Dalla primavera del 2009 collabora con i RAIN, nota e longeva hard rock band del goriziano che vanta tra le sue file i musicisti pi\u00f9 rinomati della regione come Marco Franco all&#8217; organo hammond, Marco Riavez al basso, Moreno Milloch alla voce e Stefano Visentin alla batteria e suonando con Ian Paice storico batterista inglese dei Deep Purple.<\/span><br \/><span style=\"color: #000000;\">Dall&#8217;autunno del 2004 svolge un intensa attivit\u00e0 didattica lavorando in varie scuole del pordenonese come insegnante di chitarra moderna.<\/span><\/p>\t\t\t\t\t\t\t\t<\/div>\n\t\t\t\t<\/div>\n\t\t\t\t\t<\/div>\n\t\t<\/div>\n\t\t\t\t\t<\/div>\n\t\t<\/section>\n\t\t\t\t<\/div>\n\t\t","protected":false},"excerpt":{"rendered":"<p>Bertolo Alessandro muove i primi passi nel mondo musicale con lo studio della chitarra classica sotto la guida del insegnante Lia Fabrizi, per passare qualche anno pi\u00f9 tardi alla sua pi\u00f9 vera passione, la chitarra elettrica.Comincia a suonare con la hard rock band \u201cA 200\u201d proponendo musiche di Jimi Hendrix, Emerson Lake &amp; Palmer, Uriah&hellip;&nbsp;<a href=\"https:\/\/www.filarmonicamaniago.it\/index.php\/alessandro-bertolo\/\" rel=\"bookmark\"><span class=\"screen-reader-text\">Alessandro Bertolo<\/span><\/a><\/p>\n","protected":false},"author":1,"featured_media":0,"parent":0,"menu_order":0,"comment_status":"closed","ping_status":"closed","template":"","meta":{"neve_meta_sidebar":"","neve_meta_container":"","neve_meta_enable_content_width":"","neve_meta_content_width":0,"neve_meta_title_alignment":"","neve_meta_author_avatar":"","neve_post_elements_order":"","neve_meta_disable_header":"","neve_meta_disable_footer":"","neve_meta_disable_title":"","footnotes":""},"class_list":["post-792","page","type-page","status-publish","hentry"],"_links":{"self":[{"href":"https:\/\/www.filarmonicamaniago.it\/index.php\/wp-json\/wp\/v2\/pages\/792","targetHints":{"allow":["GET"]}}],"collection":[{"href":"https:\/\/www.filarmonicamaniago.it\/index.php\/wp-json\/wp\/v2\/pages"}],"about":[{"href":"https:\/\/www.filarmonicamaniago.it\/index.php\/wp-json\/wp\/v2\/types\/page"}],"author":[{"embeddable":true,"href":"https:\/\/www.filarmonicamaniago.it\/index.php\/wp-json\/wp\/v2\/users\/1"}],"replies":[{"embeddable":true,"href":"https:\/\/www.filarmonicamaniago.it\/index.php\/wp-json\/wp\/v2\/comments?post=792"}],"version-history":[{"count":16,"href":"https:\/\/www.filarmonicamaniago.it\/index.php\/wp-json\/wp\/v2\/pages\/792\/revisions"}],"predecessor-version":[{"id":901,"href":"https:\/\/www.filarmonicamaniago.it\/index.php\/wp-json\/wp\/v2\/pages\/792\/revisions\/901"}],"wp:attachment":[{"href":"https:\/\/www.filarmonicamaniago.it\/index.php\/wp-json\/wp\/v2\/media?parent=792"}],"curies":[{"name":"wp","href":"https:\/\/api.w.org\/{rel}","templated":true}]}}