{"id":722,"date":"2021-10-05T18:04:53","date_gmt":"2021-10-05T17:04:53","guid":{"rendered":"https:\/\/www.filarmonicamaniago.it\/?page_id=722"},"modified":"2022-05-18T07:51:21","modified_gmt":"2022-05-18T06:51:21","slug":"cosmus","status":"publish","type":"page","link":"https:\/\/www.filarmonicamaniago.it\/index.php\/cosmus\/","title":{"rendered":"Cosmus"},"content":{"rendered":"\t\t<div data-elementor-type=\"wp-page\" data-elementor-id=\"722\" class=\"elementor elementor-722\">\n\t\t\t\t\t\t<section class=\"elementor-section elementor-top-section elementor-element elementor-element-0d426aa elementor-section-boxed elementor-section-height-default elementor-section-height-default\" data-id=\"0d426aa\" data-element_type=\"section\">\n\t\t\t\t\t\t<div class=\"elementor-container elementor-column-gap-default\">\n\t\t\t\t\t<div class=\"elementor-column elementor-col-100 elementor-top-column elementor-element elementor-element-cad6171\" data-id=\"cad6171\" data-element_type=\"column\">\n\t\t\t<div class=\"elementor-widget-wrap elementor-element-populated\">\n\t\t\t\t\t\t<div class=\"elementor-element elementor-element-231f35c elementor-widget elementor-widget-text-editor\" data-id=\"231f35c\" data-element_type=\"widget\" data-widget_type=\"text-editor.default\">\n\t\t\t\t<div class=\"elementor-widget-container\">\n\t\t\t\t\t\t\t\t\t<div id=\"imPgMn\">\n<p><img decoding=\"async\" class=\"aligncenter\" src=\"https:\/\/www.filarmonicamaniago.it\/wp-content\/uploads\/2022\/07\/Costituzione.jpg\"><\/p>\n<p><span class=\"ff2 cf3 fs24\">Coordinamento delle Scuole di Musica della Provincia di Pordenone<\/span><span class=\"fs20 ff2 cf3\"><br><\/span><\/p>\n<p><span class=\"fs20 ff2 cf3\">Il 16 novembre 2011 presso la sede di Farandola a Pordenone, che ne \u00e8 sede provvisoria, si \u00e8 costituito legalmente, alla presenza del notaio Gaspare Gerardi che lo certifica, il Coordinamento delle Scuole di Musica (COSMUS) della Provincia di Pordenone.<\/span><\/p>\n<p>I soci fondatori sono:<br>\u2022 Associazione Amici della Musica \u201cSalvador Gandino\u201d di Porcia, rappresentata dal Prof. Giampaolo Doro, Fondatore e Direttore Artistico;<br>\u2022 Associazione Culturale Altoliventina XX Secolo di Prata di Pordenone, rappresentata dal Prof. Giorgio Lovato, Direttore Artistico;<br>\u2022 Associazione Culturale Musicale \u201cGiuseppe Verdi\u201d di Brugnera, rappresentata dal Sig. Mauro Castagnoli, Consigliere;<br>\u2022 Associazione Filarmonica Maniago di Maniago, rappresentata dal Sig. Gabriele Tiveron, Presidente; &nbsp;<br>\u2022 Associazione Musicale \u201cVincenzo Ruffo\u201d di Sacile, rappresentata dal Prof. Gianni Della Libera, Presidente;<br>\u2022 Associazione Propordenone Onlus di Pordenone, rappresentata dal Dott. Luciano Forte, Presidente;<br>\u2022 Farandola Associazione Culturale di Pordenone, rappresentata dal Prof. Francesco Carone, Fondatore e Coordinatore Artistico.<\/p>\n<p>L&#8217;Associazione ha le seguenti finalit\u00e0:<br>\u2022 per ci\u00f2 che attiene all\u2019Educazione valorizzare le risorse musicali del territorio, nella loro variet\u00e0 di generi, stili, situazioni e modalit\u00e0 fruitive, rivolgendo attivit\u00e0 mirate a tutti gli ordini di et\u00e0 (dall\u2019infanzia alla terza et\u00e0), ai vari livelli e situazioni che possano prevedere il contributo educativo della musica, coordinando gli enti e strutture aderenti all\u2019Associazione;<br>\u2022 per ci\u00f2 che attiene alla Formazione operare, attraverso i diversi contributi formativi, per una formazione musicale utile a garantire i livelli richiesti per l\u2019accesso ai Conservatori di Musica e per le nuove professioni del settore, secondo gli ordinamenti vigenti, oltre che per sostenere efficacemente ogni pratica musicale, anche a carattere amatoriale;<br>\u2022 per ci\u00f2 che attiene all\u2019Eccellenza e Ricerca sostenere e incentivare gli alti livelli di prestazione artistica e la ricerca relativa ai diversi ambiti creativi e di sperimentazione del settore musicale;<br>\u2022 per ci\u00f2 che attiene all\u2019Aggiornamento e Formazione professionali operare a sostegno e consulenza delle professioni correlate all\u2019esperienza della musica.<\/p>\n<\/div>\t\t\t\t\t\t\t\t<\/div>\n\t\t\t\t<\/div>\n\t\t\t\t\t<\/div>\n\t\t<\/div>\n\t\t\t\t\t<\/div>\n\t\t<\/section>\n\t\t\t\t<\/div>\n\t\t","protected":false},"excerpt":{"rendered":"<p>Coordinamento delle Scuole di Musica della Provincia di Pordenone Il 16 novembre 2011 presso la sede di Farandola a Pordenone, che ne \u00e8 sede provvisoria, si \u00e8 costituito legalmente, alla presenza del notaio Gaspare Gerardi che lo certifica, il Coordinamento delle Scuole di Musica (COSMUS) della Provincia di Pordenone. I soci fondatori sono:\u2022 Associazione Amici&hellip;&nbsp;<a href=\"https:\/\/www.filarmonicamaniago.it\/index.php\/cosmus\/\" rel=\"bookmark\"><span class=\"screen-reader-text\">Cosmus<\/span><\/a><\/p>\n","protected":false},"author":1,"featured_media":0,"parent":0,"menu_order":0,"comment_status":"closed","ping_status":"closed","template":"","meta":{"neve_meta_sidebar":"","neve_meta_container":"","neve_meta_enable_content_width":"","neve_meta_content_width":0,"neve_meta_title_alignment":"","neve_meta_author_avatar":"","neve_post_elements_order":"","neve_meta_disable_header":"","neve_meta_disable_footer":"","neve_meta_disable_title":"","footnotes":""},"class_list":["post-722","page","type-page","status-publish","hentry"],"_links":{"self":[{"href":"https:\/\/www.filarmonicamaniago.it\/index.php\/wp-json\/wp\/v2\/pages\/722","targetHints":{"allow":["GET"]}}],"collection":[{"href":"https:\/\/www.filarmonicamaniago.it\/index.php\/wp-json\/wp\/v2\/pages"}],"about":[{"href":"https:\/\/www.filarmonicamaniago.it\/index.php\/wp-json\/wp\/v2\/types\/page"}],"author":[{"embeddable":true,"href":"https:\/\/www.filarmonicamaniago.it\/index.php\/wp-json\/wp\/v2\/users\/1"}],"replies":[{"embeddable":true,"href":"https:\/\/www.filarmonicamaniago.it\/index.php\/wp-json\/wp\/v2\/comments?post=722"}],"version-history":[{"count":7,"href":"https:\/\/www.filarmonicamaniago.it\/index.php\/wp-json\/wp\/v2\/pages\/722\/revisions"}],"predecessor-version":[{"id":1074,"href":"https:\/\/www.filarmonicamaniago.it\/index.php\/wp-json\/wp\/v2\/pages\/722\/revisions\/1074"}],"wp:attachment":[{"href":"https:\/\/www.filarmonicamaniago.it\/index.php\/wp-json\/wp\/v2\/media?parent=722"}],"curies":[{"name":"wp","href":"https:\/\/api.w.org\/{rel}","templated":true}]}}