{"id":678,"date":"2021-10-05T08:28:07","date_gmt":"2021-10-05T07:28:07","guid":{"rendered":"https:\/\/www.filarmonicamaniago.it\/?page_id=678"},"modified":"2021-10-05T08:35:04","modified_gmt":"2021-10-05T07:35:04","slug":"scuola","status":"publish","type":"page","link":"https:\/\/www.filarmonicamaniago.it\/index.php\/scuola\/","title":{"rendered":"Scuola"},"content":{"rendered":"\t\t<div data-elementor-type=\"wp-page\" data-elementor-id=\"678\" class=\"elementor elementor-678\">\n\t\t\t\t\t\t<section class=\"elementor-section elementor-top-section elementor-element elementor-element-4b60b6f elementor-section-boxed elementor-section-height-default elementor-section-height-default\" data-id=\"4b60b6f\" data-element_type=\"section\">\n\t\t\t\t\t\t<div class=\"elementor-container elementor-column-gap-default\">\n\t\t\t\t\t<div class=\"elementor-column elementor-col-100 elementor-top-column elementor-element elementor-element-9633c5d\" data-id=\"9633c5d\" data-element_type=\"column\">\n\t\t\t<div class=\"elementor-widget-wrap elementor-element-populated\">\n\t\t\t\t\t\t<div class=\"elementor-element elementor-element-0fc75fa elementor-widget elementor-widget-text-editor\" data-id=\"0fc75fa\" data-element_type=\"widget\" data-widget_type=\"text-editor.default\">\n\t\t\t\t<div class=\"elementor-widget-container\">\n\t\t\t\t\t\t\t\t\t<p><div class=\"nv-iframe-embed\"><iframe title=\"SUONA CON NOI - Scuola di Musica\" width=\"1200\" height=\"675\" src=\"https:\/\/www.youtube.com\/embed\/KEEyZOV1Q4U?feature=oembed\" frameborder=\"0\" allow=\"accelerometer; autoplay; clipboard-write; encrypted-media; gyroscope; picture-in-picture\" allowfullscreen><\/iframe><\/div><\/p>\n<p>La Scuola di musica rappresenta senza dubbio il fiore all&#8217;occhiello dell&#8217;Associazione Filarmonica Maniago e il segno pi\u00f9 tangibile e visibile dell&#8217;importanza che essa riveste per la citt\u00e0 di Maniago. La sua attuale struttura e organizzazione risulta essere l&#8217;approdo di un lungo percorso, che si intreccia con la storia della banda.<br><span style=\"font-style: inherit; font-weight: inherit; font-family: var( --e-global-typography-text-font-family ), Sans-serif;\">Per mantenere un\u2019identit\u00e0 legata alla Banda, la nuova struttura della Scuola crea tra i vari corsi istituiti una sezione \u201cprivilegiata\u201d: il corso bandistico. Esso \u00e8 costituito da una sorta di \u201cpacchetto\u201d che comprende un monte ore di lezioni dello strumento prescelto e lezioni di teoria, oltre ad alcune ore di musica d\u2019insieme. L\u2019esistenza di questo corso, che d\u00e0 vita al Bandino, garantisce il mantenimento dell\u2019identit\u00e0 della Scuola di musica come Scuola della Filarmonica. Infatti l\u2019Associazione si impegna economicamente e didatticamente per questo corso. Gli allievi che lo frequentano hanno in prestito gli strumenti, evitando di doverli acquistare e, una volta raggiunta la preparazione adeguata, suoneranno con la Banda.<\/span><br><\/p>\n<p>La conduzione della Scuola di Musica \u00e8 sicuramente una delle attivit\u00e0 pi\u00f9 impegnative dell&#8217;Associazione Filarmonica Maniago, ma anche quella che ha regalato, a tutti i soci che si sono prodigati a titolo del tutto volontario nella sua gestione, non poche soddisfazioni. La Scuola, infatti, oggi viene considerata, da parte di molte autorit\u00e0 provinciali e regionali, una delle pi\u00f9 importanti iniziative culturali della provincia di Pordenone. Essa \u00e8 in grado di soddisfare la richiesta didattico-<wbr>musicale della popolazione della zona pedemontana maniaghese.&nbsp;<\/p>\n<p>La validit\u00e0 dei programmi di insegnamento ed il livello di studio raggiunto si possono riscontrare, nei saggi musicali organizzati alla fine di ogni anno scolastico, ma anche con l&#8217;avvenuta ammissione di alcuni ragazzi ai Conservatori di Udine, Trieste, Venezia e Castelfranco Veneto e soprattutto con il superamento, da parte di altri allievi, degli esami preaccademici.<\/p>\t\t\t\t\t\t\t\t<\/div>\n\t\t\t\t<\/div>\n\t\t\t\t\t<\/div>\n\t\t<\/div>\n\t\t\t\t\t<\/div>\n\t\t<\/section>\n\t\t\t\t<\/div>\n\t\t","protected":false},"excerpt":{"rendered":"<p>La Scuola di musica rappresenta senza dubbio il fiore all&#8217;occhiello dell&#8217;Associazione Filarmonica Maniago e il segno pi\u00f9 tangibile e visibile dell&#8217;importanza che essa riveste per la citt\u00e0 di Maniago. La sua attuale struttura e organizzazione risulta essere l&#8217;approdo di un lungo percorso, che si intreccia con la storia della banda.Per mantenere un\u2019identit\u00e0 legata alla Banda,&hellip;&nbsp;<a href=\"https:\/\/www.filarmonicamaniago.it\/index.php\/scuola\/\" rel=\"bookmark\"><span class=\"screen-reader-text\">Scuola<\/span><\/a><\/p>\n","protected":false},"author":1,"featured_media":0,"parent":0,"menu_order":0,"comment_status":"closed","ping_status":"closed","template":"","meta":{"neve_meta_sidebar":"","neve_meta_container":"","neve_meta_enable_content_width":"","neve_meta_content_width":0,"neve_meta_title_alignment":"","neve_meta_author_avatar":"","neve_post_elements_order":"","neve_meta_disable_header":"","neve_meta_disable_footer":"","neve_meta_disable_title":"","footnotes":""},"class_list":["post-678","page","type-page","status-publish","hentry"],"_links":{"self":[{"href":"https:\/\/www.filarmonicamaniago.it\/index.php\/wp-json\/wp\/v2\/pages\/678","targetHints":{"allow":["GET"]}}],"collection":[{"href":"https:\/\/www.filarmonicamaniago.it\/index.php\/wp-json\/wp\/v2\/pages"}],"about":[{"href":"https:\/\/www.filarmonicamaniago.it\/index.php\/wp-json\/wp\/v2\/types\/page"}],"author":[{"embeddable":true,"href":"https:\/\/www.filarmonicamaniago.it\/index.php\/wp-json\/wp\/v2\/users\/1"}],"replies":[{"embeddable":true,"href":"https:\/\/www.filarmonicamaniago.it\/index.php\/wp-json\/wp\/v2\/comments?post=678"}],"version-history":[{"count":13,"href":"https:\/\/www.filarmonicamaniago.it\/index.php\/wp-json\/wp\/v2\/pages\/678\/revisions"}],"predecessor-version":[{"id":691,"href":"https:\/\/www.filarmonicamaniago.it\/index.php\/wp-json\/wp\/v2\/pages\/678\/revisions\/691"}],"wp:attachment":[{"href":"https:\/\/www.filarmonicamaniago.it\/index.php\/wp-json\/wp\/v2\/media?parent=678"}],"curies":[{"name":"wp","href":"https:\/\/api.w.org\/{rel}","templated":true}]}}