{"id":441,"date":"2021-10-03T10:37:08","date_gmt":"2021-10-03T09:37:08","guid":{"rendered":"https:\/\/www.filarmonicamaniago.it\/?page_id=441"},"modified":"2022-05-18T07:46:54","modified_gmt":"2022-05-18T06:46:54","slug":"campus-2018","status":"publish","type":"page","link":"https:\/\/www.filarmonicamaniago.it\/index.php\/campus-2018\/","title":{"rendered":"Campus 2018"},"content":{"rendered":"\t\t<div data-elementor-type=\"wp-page\" data-elementor-id=\"441\" class=\"elementor elementor-441\">\n\t\t\t\t\t\t<section class=\"elementor-section elementor-top-section elementor-element elementor-element-76594de elementor-section-boxed elementor-section-height-default elementor-section-height-default\" data-id=\"76594de\" data-element_type=\"section\">\n\t\t\t\t\t\t<div class=\"elementor-container elementor-column-gap-default\">\n\t\t\t\t\t<div class=\"elementor-column elementor-col-100 elementor-top-column elementor-element elementor-element-ecc9c18\" data-id=\"ecc9c18\" data-element_type=\"column\">\n\t\t\t<div class=\"elementor-widget-wrap elementor-element-populated\">\n\t\t\t\t\t\t<div class=\"elementor-element elementor-element-f5f890d elementor-widget elementor-widget-text-editor\" data-id=\"f5f890d\" data-element_type=\"widget\" data-widget_type=\"text-editor.default\">\n\t\t\t\t<div class=\"elementor-widget-container\">\n\t\t\t\t\t\t\t\t\t<div id=\"imBreadcrumb\"><img fetchpriority=\"high\" decoding=\"async\" id=\"imObjectImage_2\" class=\"aligncenter\" style=\"font-style: inherit; font-weight: inherit;\" title=\"\" src=\"https:\/\/www.filarmonicamaniago.it\/wp-content\/uploads\/2022\/07\/Oltre-il-filo-spinato.jpg\" alt=\"\" width=\"664\" height=\"373\" \/><\/div><div><div id=\"imCell_1\" class=\"imGrid[1, 1]\"><div id=\"imCellStyleGraphics_1\">\u00a0<\/div><div id=\"imCellStyle_1\"><div id=\"imTextObject_1\"><p><span class=\"fs20\"><span class=\"ff1 cf3\"><b>OLTRE IL FILO SPINATO\u2026<\/b><br \/>Centenario della fine della Grande Guerra<br \/><\/span><\/span><span class=\"fs20 ff1 cf3\">La Prima Guerra mondiale termin\u00f2 nel 1918, fu definita la GRANDE GUERRA, per dimostrare quanto essa abbia colpito l\u2019immaginario collettivo perch\u00e9 fu diversa da tutte le precedenti: fu catastrofica, fu di massa, fu mondiale.<br \/>Ma l\u2019umanit\u00e0 ha in s\u00e9 una straordinaria forza che le d\u00e0 sempre la capacit\u00e0 di ricominciare e di andare avanti, anche dopo catastrofi inimmaginabili e questa forza risiede nella relazione e cooperazione.<br \/>Con questo lavoro abbiamo voluto guardare oltre il filo spinato e cogliere gli spiragli di umanit\u00e0 fatti di incontro, fiducia nel futuro, progresso che sono nati durante la guerra e sopravvissuti nonostante la guerra, arrivando fino a noi. \u00a0<\/span><\/p><\/div><\/div><\/div><\/div>\t\t\t\t\t\t\t\t<\/div>\n\t\t\t\t<\/div>\n\t\t\t\t\t<\/div>\n\t\t<\/div>\n\t\t\t\t\t<\/div>\n\t\t<\/section>\n\t\t\t\t<\/div>\n\t\t","protected":false},"excerpt":{"rendered":"<p>\u00a0 OLTRE IL FILO SPINATO\u2026Centenario della fine della Grande GuerraLa Prima Guerra mondiale termin\u00f2 nel 1918, fu definita la GRANDE GUERRA, per dimostrare quanto essa abbia colpito l\u2019immaginario collettivo perch\u00e9 fu diversa da tutte le precedenti: fu catastrofica, fu di massa, fu mondiale.Ma l\u2019umanit\u00e0 ha in s\u00e9 una straordinaria forza che le d\u00e0 sempre la&hellip;&nbsp;<a href=\"https:\/\/www.filarmonicamaniago.it\/index.php\/campus-2018\/\" rel=\"bookmark\"><span class=\"screen-reader-text\">Campus 2018<\/span><\/a><\/p>\n","protected":false},"author":1,"featured_media":0,"parent":0,"menu_order":0,"comment_status":"closed","ping_status":"closed","template":"","meta":{"neve_meta_sidebar":"","neve_meta_container":"","neve_meta_enable_content_width":"","neve_meta_content_width":0,"neve_meta_title_alignment":"","neve_meta_author_avatar":"","neve_post_elements_order":"","neve_meta_disable_header":"","neve_meta_disable_footer":"","neve_meta_disable_title":"","footnotes":""},"class_list":["post-441","page","type-page","status-publish","hentry"],"_links":{"self":[{"href":"https:\/\/www.filarmonicamaniago.it\/index.php\/wp-json\/wp\/v2\/pages\/441","targetHints":{"allow":["GET"]}}],"collection":[{"href":"https:\/\/www.filarmonicamaniago.it\/index.php\/wp-json\/wp\/v2\/pages"}],"about":[{"href":"https:\/\/www.filarmonicamaniago.it\/index.php\/wp-json\/wp\/v2\/types\/page"}],"author":[{"embeddable":true,"href":"https:\/\/www.filarmonicamaniago.it\/index.php\/wp-json\/wp\/v2\/users\/1"}],"replies":[{"embeddable":true,"href":"https:\/\/www.filarmonicamaniago.it\/index.php\/wp-json\/wp\/v2\/comments?post=441"}],"version-history":[{"count":7,"href":"https:\/\/www.filarmonicamaniago.it\/index.php\/wp-json\/wp\/v2\/pages\/441\/revisions"}],"predecessor-version":[{"id":1050,"href":"https:\/\/www.filarmonicamaniago.it\/index.php\/wp-json\/wp\/v2\/pages\/441\/revisions\/1050"}],"wp:attachment":[{"href":"https:\/\/www.filarmonicamaniago.it\/index.php\/wp-json\/wp\/v2\/media?parent=441"}],"curies":[{"name":"wp","href":"https:\/\/api.w.org\/{rel}","templated":true}]}}