{"id":437,"date":"2021-10-03T10:36:24","date_gmt":"2021-10-03T09:36:24","guid":{"rendered":"https:\/\/www.filarmonicamaniago.it\/?page_id=437"},"modified":"2022-05-18T07:47:31","modified_gmt":"2022-05-18T06:47:31","slug":"campus-2016","status":"publish","type":"page","link":"https:\/\/www.filarmonicamaniago.it\/index.php\/campus-2016\/","title":{"rendered":"Campus 2016"},"content":{"rendered":"\t\t<div data-elementor-type=\"wp-page\" data-elementor-id=\"437\" class=\"elementor elementor-437\">\n\t\t\t\t\t\t<section class=\"elementor-section elementor-top-section elementor-element elementor-element-28dff6c elementor-section-boxed elementor-section-height-default elementor-section-height-default\" data-id=\"28dff6c\" data-element_type=\"section\">\n\t\t\t\t\t\t<div class=\"elementor-container elementor-column-gap-default\">\n\t\t\t\t\t<div class=\"elementor-column elementor-col-100 elementor-top-column elementor-element elementor-element-c456efc\" data-id=\"c456efc\" data-element_type=\"column\">\n\t\t\t<div class=\"elementor-widget-wrap elementor-element-populated\">\n\t\t\t\t\t\t<div class=\"elementor-element elementor-element-a62f109 elementor-widget elementor-widget-text-editor\" data-id=\"a62f109\" data-element_type=\"widget\" data-widget_type=\"text-editor.default\">\n\t\t\t\t<div class=\"elementor-widget-container\">\n\t\t\t\t\t\t\t\t\t<div id=\"imBreadcrumb\"><img fetchpriority=\"high\" decoding=\"async\" id=\"imObjectImage_1\" class=\"aligncenter\" style=\"font-style: inherit; font-weight: inherit;\" title=\"\" src=\"https:\/\/www.filarmonicamaniago.it\/wp-content\/uploads\/2022\/07\/L-ORCOLAT.jpg\" alt=\"\" width=\"668\" height=\"375\"><\/div>\n<div>\n<div id=\"imCell_2\" class=\"imGrid[2, 5]\">\n<div id=\"imCellStyleGraphics_2\">&nbsp;<\/div>\n<div id=\"imCellStyle_2\">\n<div id=\"imTextObject_2\">\n<p><span class=\"fs20\"><span class=\"ff1 cf3\"><b>LA GNOT DAL ORCOLAT<\/b><br><\/span><\/span><\/p>\n<p><span class=\"fs20 ff1 cf3\">Nel corso del 2016 molte sono state le iniziative promosse da Enti ed Associazioni per celebrare il 40\u00b0anniversario del terremoto che segn\u00f2 profondamente il popolo friulano il 6 maggio 1976.<br>Anche l\u2019Associazione Filarmonica Maniago ha inserito nel proprio calendario degli eventi annuali un concerto a tema organizzato in collaborazione con l\u2019Amministrazione Comunale, il Coro A.N.A. Monte Jouf, l\u2019Associazione Corale Maniaghese, il Coro Polifonico di Maniagolibero, il Coro Piccolboni di Meduno, il Gruppo Folkloristico Danzerini Maniaghesi e l\u2019Associazione Maniago Teatro per ricordare il triste evento e la ricostruzione delle zone terremotate.<br>Lo stesso programma \u00e8 stato poi riproposto al pubblico dai ragazzi partecipanti al Campus Musicale Estivo per giovani strumentisti che si \u00e8 svolto a Tramonti di Sotto (PN) dal 28 agosto al 3 al settembre.<br>Il Campus Estivo, che da 5 anni si svolge a Tramonti di Sotto, ha raggiunto la nona edizione e ha continuato ad ottenere nel corso del tempo molti riconoscimenti, tanto che il Concerto per tre anni \u00e8 stato inserito nel prestigioso programma provinciale di percorsi culturali MUSE.<br>Il programma ha previsto la partecipazione dei Piccoli Danzerini del Gruppo Folcloristico Federico Angelica di Aviano nei loro caratteristici costumi.<br>Il Gruppo che prende nome dal suo fondatore ed \u00e8 attualmente presieduto da Michele Gasparetto, si dedica all&#8217;incontro dei giovani con la musica e la danza popolare ed \u00e8 impegnato nell&#8217;esibizione in costume gi\u00e0 dal lontano &#8216;800. Esso porta in scena uno spettacolo completo di musica e danza, \u00e8 molto apprezzato e richiesto sia in Italia che all&#8217;estero.<br>Il calendario delle uscite in costume dei Piccoli danzerini, seguiti dalla maestra Fabiana Zucchet, \u00e8 di tutto rispetto, infatti li vede ogni anno impegnati in spettacoli locali, nazionali ed internazionali.<\/span><\/p>\n<p>La tragica coincidenza con il terremoto del 24 agosto, avvenuto in centro Italia, ha certamente intensificato il ricordo in quanti hanno vissuto una simile esperienza nel 1976 e favorito in tutti il desiderio di vicinanza e di solidariet\u00e0 verso le popolazioni ora colpite dal sisma.<br>Per questo motivo l\u2019Associazione Filarmonica Maniago ha deciso di promuovere una raccolta fondi che \u00e8 iniziata a settembre con i concerti preparati durante il Campus Musicale Estivo, \u00e8 proseguita con la lotteria di beneficenza durante il pranzo sociale di Santa Cecilia, sostenuta da numerosi commercianti del maniaghese, &nbsp;e si \u00e8 conclusa con il tradizionale concerto di Natale del 23 dicembre scorso.<br>La somma di 3000,00 euro \u00e8 stata devoluta alla Banda di Accumoli la cui sede \u00e8 stata completamente distrutta dal terremoto insieme agli strumenti che c\u2019erano al suo interno. Con questo gesto A.F.M. vuole augurare agli amici suonatori di Accumoli di ritornare al pi\u00f9 presto attivi nel loro territorio perch\u00e9, terminata l\u2019emergenza, una vera ricostruzione non pu\u00f2 prescindere dal recupero della cultura e dalle tradizioni di un luogo e la Banda con i suoi valori ha un ruolo fondamentale in questo processo. &nbsp;&nbsp;<br>I concerti del Campus sono statti in tutto tre: il primo sabato 3 settembre a Tramonti, il secondo nella serata del 7 settembre a Maniago in occasione dei festeggiamenti in onore della Beata Vergine Maria e l&#8217;ultimo il 10 settembre &nbsp;al teatro Concordia di Pordenone.<br><\/p>\n<\/div>\n<\/div>\n<\/div>\n<\/div>\t\t\t\t\t\t\t\t<\/div>\n\t\t\t\t<\/div>\n\t\t\t\t\t<\/div>\n\t\t<\/div>\n\t\t\t\t\t<\/div>\n\t\t<\/section>\n\t\t\t\t<\/div>\n\t\t","protected":false},"excerpt":{"rendered":"<p>&nbsp; LA GNOT DAL ORCOLAT Nel corso del 2016 molte sono state le iniziative promosse da Enti ed Associazioni per celebrare il 40\u00b0anniversario del terremoto che segn\u00f2 profondamente il popolo friulano il 6 maggio 1976.Anche l\u2019Associazione Filarmonica Maniago ha inserito nel proprio calendario degli eventi annuali un concerto a tema organizzato in collaborazione con l\u2019Amministrazione&hellip;&nbsp;<a href=\"https:\/\/www.filarmonicamaniago.it\/index.php\/campus-2016\/\" rel=\"bookmark\"><span class=\"screen-reader-text\">Campus 2016<\/span><\/a><\/p>\n","protected":false},"author":1,"featured_media":0,"parent":0,"menu_order":0,"comment_status":"closed","ping_status":"closed","template":"","meta":{"neve_meta_sidebar":"","neve_meta_container":"","neve_meta_enable_content_width":"","neve_meta_content_width":0,"neve_meta_title_alignment":"","neve_meta_author_avatar":"","neve_post_elements_order":"","neve_meta_disable_header":"","neve_meta_disable_footer":"","neve_meta_disable_title":"","footnotes":""},"class_list":["post-437","page","type-page","status-publish","hentry"],"_links":{"self":[{"href":"https:\/\/www.filarmonicamaniago.it\/index.php\/wp-json\/wp\/v2\/pages\/437","targetHints":{"allow":["GET"]}}],"collection":[{"href":"https:\/\/www.filarmonicamaniago.it\/index.php\/wp-json\/wp\/v2\/pages"}],"about":[{"href":"https:\/\/www.filarmonicamaniago.it\/index.php\/wp-json\/wp\/v2\/types\/page"}],"author":[{"embeddable":true,"href":"https:\/\/www.filarmonicamaniago.it\/index.php\/wp-json\/wp\/v2\/users\/1"}],"replies":[{"embeddable":true,"href":"https:\/\/www.filarmonicamaniago.it\/index.php\/wp-json\/wp\/v2\/comments?post=437"}],"version-history":[{"count":7,"href":"https:\/\/www.filarmonicamaniago.it\/index.php\/wp-json\/wp\/v2\/pages\/437\/revisions"}],"predecessor-version":[{"id":1056,"href":"https:\/\/www.filarmonicamaniago.it\/index.php\/wp-json\/wp\/v2\/pages\/437\/revisions\/1056"}],"wp:attachment":[{"href":"https:\/\/www.filarmonicamaniago.it\/index.php\/wp-json\/wp\/v2\/media?parent=437"}],"curies":[{"name":"wp","href":"https:\/\/api.w.org\/{rel}","templated":true}]}}