{"id":414,"date":"2021-10-03T10:22:44","date_gmt":"2021-10-03T09:22:44","guid":{"rendered":"https:\/\/www.filarmonicamaniago.it\/?page_id=414"},"modified":"2022-05-18T07:43:45","modified_gmt":"2022-05-18T06:43:45","slug":"campus","status":"publish","type":"page","link":"https:\/\/www.filarmonicamaniago.it\/index.php\/campus\/","title":{"rendered":"Campus"},"content":{"rendered":"\t\t<div data-elementor-type=\"wp-page\" data-elementor-id=\"414\" class=\"elementor elementor-414\">\n\t\t\t\t\t\t<section class=\"elementor-section elementor-top-section elementor-element elementor-element-e6a26c5 elementor-section-boxed elementor-section-height-default elementor-section-height-default\" data-id=\"e6a26c5\" data-element_type=\"section\">\n\t\t\t\t\t\t<div class=\"elementor-container elementor-column-gap-default\">\n\t\t\t\t\t<div class=\"elementor-column elementor-col-100 elementor-top-column elementor-element elementor-element-629dae3\" data-id=\"629dae3\" data-element_type=\"column\">\n\t\t\t<div class=\"elementor-widget-wrap elementor-element-populated\">\n\t\t\t\t\t\t<div class=\"elementor-element elementor-element-7dfbfbf elementor-widget elementor-widget-text-editor\" data-id=\"7dfbfbf\" data-element_type=\"widget\" data-widget_type=\"text-editor.default\">\n\t\t\t\t<div class=\"elementor-widget-container\">\n\t\t\t\t\t\t\t\t\t<div><div id=\"imCell_1\" class=\"imGrid[0, 0]\"><div id=\"imCellStyle_1\"><div id=\"imTextObject_1\"><p><strong><span class=\"fs20\"><span class=\"ff1 cf3\">Campus musicale estivo<\/span><\/span><\/strong><\/p><p><span class=\"fs20\"><span class=\"ff1 cf3\">Uno dei tanti appuntamenti che si \u00e8 ormai consolidato in questi ultimi anni \u00e8 il &#8220;Campus Musicale Estivo per Giovani Strumentisti&#8221;. Lo scopo \u00e8 quello di radunare giovani allievi del territorio e di altre Provincie e offrire loro la possibilit\u00e0 di trascorrere insieme una settimana non solo di divertimento, ma anche di formazione musicale e di educazione alla convivenza sociale.<br \/><\/span><\/span><\/p><p><span class=\"fs20 ff1 cf3\">Le prime tre edizioni 2007, 2008 e 2009 si sono svolte a Frisanco&#8230;.<br \/><br \/><\/span><\/p><\/div><\/div><\/div><\/div><div><div><div id=\"imCell_2\" class=\"imGrid[1, 2]\"><div id=\"imCellStyleGraphics_2\">\u00a0<\/div><div id=\"imCellStyle_2\"><img fetchpriority=\"high\" decoding=\"async\" id=\"imObjectImage_2\" title=\"\" src=\"https:\/\/www.filarmonicamaniago.it\/wp-content\/uploads\/2022\/07\/2011---Campus.jpg\" alt=\"\" width=\"217\" height=\"301\" \/><\/div><\/div><\/div><div><div><div id=\"imCell_6\" class=\"imGrid[1, 1]\"><div id=\"imCellStyleGraphics_6\">\u00a0<\/div><div id=\"imCellStyle_6\"><img decoding=\"async\" id=\"imObjectImage_6\" title=\"\" src=\"https:\/\/www.filarmonicamaniago.it\/wp-content\/uploads\/2022\/07\/DSCF3947.jpg\" alt=\"\" width=\"217\" height=\"162\" \/><\/div><\/div><\/div><div><div id=\"imCell_8\" class=\"imGrid[2, 2]\"><div id=\"imCellStyleGraphics_8\">\u00a0<\/div><div id=\"imCellStyle_8\"><img decoding=\"async\" id=\"imObjectImage_8\" title=\"\" src=\"https:\/\/www.filarmonicamaniago.it\/wp-content\/uploads\/2022\/07\/DSCF3959.jpg\" alt=\"\" width=\"215\" height=\"161\" \/><\/div><\/div><\/div><\/div><div><div><div id=\"imCell_7\" class=\"imGrid[1, 1]\"><div id=\"imCellStyleGraphics_7\">\u00a0<\/div><div id=\"imCellStyle_7\"><img loading=\"lazy\" decoding=\"async\" id=\"imObjectImage_7\" title=\"\" src=\"https:\/\/www.filarmonicamaniago.it\/wp-content\/uploads\/2022\/07\/2001-campus-1.jpg\" alt=\"\" width=\"217\" height=\"162\" \/><\/div><\/div><\/div><div><div id=\"imCell_9\" class=\"imGrid[2, 2]\"><div id=\"imCellStyleGraphics_9\">\u00a0<\/div><div id=\"imCellStyle_9\"><img loading=\"lazy\" decoding=\"async\" id=\"imObjectImage_9\" title=\"\" src=\"https:\/\/www.filarmonicamaniago.it\/wp-content\/uploads\/2022\/07\/DSCF3929.jpg\" alt=\"\" width=\"215\" height=\"161\" \/><\/div><\/div><\/div><\/div><\/div>\t\t\t\t\t\t\t\t<\/div>\n\t\t\t\t<\/div>\n\t\t\t\t\t<\/div>\n\t\t<\/div>\n\t\t\t\t\t<\/div>\n\t\t<\/section>\n\t\t\t\t<\/div>\n\t\t","protected":false},"excerpt":{"rendered":"<p>Campus musicale estivo Uno dei tanti appuntamenti che si \u00e8 ormai consolidato in questi ultimi anni \u00e8 il &#8220;Campus Musicale Estivo per Giovani Strumentisti&#8221;. Lo scopo \u00e8 quello di radunare giovani allievi del territorio e di altre Provincie e offrire loro la possibilit\u00e0 di trascorrere insieme una settimana non solo di divertimento, ma anche di&hellip;&nbsp;<a href=\"https:\/\/www.filarmonicamaniago.it\/index.php\/campus\/\" rel=\"bookmark\"><span class=\"screen-reader-text\">Campus<\/span><\/a><\/p>\n","protected":false},"author":1,"featured_media":0,"parent":0,"menu_order":0,"comment_status":"closed","ping_status":"closed","template":"","meta":{"neve_meta_sidebar":"","neve_meta_container":"","neve_meta_enable_content_width":"","neve_meta_content_width":0,"neve_meta_title_alignment":"","neve_meta_author_avatar":"","neve_post_elements_order":"","neve_meta_disable_header":"","neve_meta_disable_footer":"","neve_meta_disable_title":"","footnotes":""},"class_list":["post-414","page","type-page","status-publish","hentry"],"_links":{"self":[{"href":"https:\/\/www.filarmonicamaniago.it\/index.php\/wp-json\/wp\/v2\/pages\/414","targetHints":{"allow":["GET"]}}],"collection":[{"href":"https:\/\/www.filarmonicamaniago.it\/index.php\/wp-json\/wp\/v2\/pages"}],"about":[{"href":"https:\/\/www.filarmonicamaniago.it\/index.php\/wp-json\/wp\/v2\/types\/page"}],"author":[{"embeddable":true,"href":"https:\/\/www.filarmonicamaniago.it\/index.php\/wp-json\/wp\/v2\/users\/1"}],"replies":[{"embeddable":true,"href":"https:\/\/www.filarmonicamaniago.it\/index.php\/wp-json\/wp\/v2\/comments?post=414"}],"version-history":[{"count":4,"href":"https:\/\/www.filarmonicamaniago.it\/index.php\/wp-json\/wp\/v2\/pages\/414\/revisions"}],"predecessor-version":[{"id":422,"href":"https:\/\/www.filarmonicamaniago.it\/index.php\/wp-json\/wp\/v2\/pages\/414\/revisions\/422"}],"wp:attachment":[{"href":"https:\/\/www.filarmonicamaniago.it\/index.php\/wp-json\/wp\/v2\/media?parent=414"}],"curies":[{"name":"wp","href":"https:\/\/api.w.org\/{rel}","templated":true}]}}