{"id":184,"date":"2021-09-30T14:46:26","date_gmt":"2021-09-30T13:46:26","guid":{"rendered":"https:\/\/www.filarmonicamaniago.it\/?page_id=184"},"modified":"2022-05-18T07:53:39","modified_gmt":"2022-05-18T06:53:39","slug":"la-sede","status":"publish","type":"page","link":"https:\/\/www.filarmonicamaniago.it\/index.php\/la-sede\/","title":{"rendered":"La sede"},"content":{"rendered":"\t\t<div data-elementor-type=\"wp-page\" data-elementor-id=\"184\" class=\"elementor elementor-184\">\n\t\t\t\t\t\t<section class=\"elementor-section elementor-top-section elementor-element elementor-element-e9ec25f elementor-section-boxed elementor-section-height-default elementor-section-height-default\" data-id=\"e9ec25f\" data-element_type=\"section\">\n\t\t\t\t\t\t<div class=\"elementor-container elementor-column-gap-default\">\n\t\t\t\t\t<div class=\"elementor-column elementor-col-100 elementor-top-column elementor-element elementor-element-3a85f4f\" data-id=\"3a85f4f\" data-element_type=\"column\">\n\t\t\t<div class=\"elementor-widget-wrap elementor-element-populated\">\n\t\t\t\t\t\t<div class=\"elementor-element elementor-element-cbc4703 elementor-widget elementor-widget-text-editor\" data-id=\"cbc4703\" data-element_type=\"widget\" data-widget_type=\"text-editor.default\">\n\t\t\t\t<div class=\"elementor-widget-container\">\n\t\t\t\t\t\t\t\t\t<p><span style=\"font-family: var( --e-global-typography-text-font-family ), Sans-serif; font-weight: var( --e-global-typography-text-font-weight ); background-color: var(--nv-site-bg); font-size: var(--bodyFontSize); letter-spacing: var(--bodyLetterSpacing); text-transform: var(--bodyTextTransform);\">Il Favri \u00e8 diventato la casa della Filarmonica della citt\u00e0 del coltello. Un piano che era in previsione da anni, ovvero dal novembre 2012 e che \u00e8 stato seguito, nella sua parte iniziale, dall\u2019allora presidente Gabriele Tiveron. Il progetto, attuato dal Comune di Maniago, ha consentito la ristrutturazione dell\u2019edificio in precedenza nato ed adibito, fino al 2004, a sede dell\u2019Istituto Professionale per l&#8217;Industria e l&#8217;Artigianato \u2013 IPSIA. L&#8217;intervento edilizio ha reso tale fabbricato adatto ad ospitare un centro polifunzionale e di aggregazione.<\/span><br><\/p><p><span class=\"fs20 ff1 cf3\">Con l\u2019arrivo dell\u2019A.F.M. si \u00e8 aperto cos\u00ec un nuovo capitolo nella storia del Favri, ufficializzato con l\u2019inaugurazione della nuova sede che si \u00e8 svolta sabato 6 aprile 2019. In questa occasione, grande soddisfazione \u00e8 stata espressa dalla presidente Daniela Cartelli e dal sindaco Andrea Carli che hanno ribadito, inoltre, l\u2019importanza per la scuola di musica di occupare aule funzionali all\u2019insegnamento e per la Filarmonica di poter usufruire di una accogliente sala prove e di spazi adeguati allo svolgimento delle proprie attivit\u00e0.<br>L\u2019onore del taglio del nastro \u00e8 stato affidato ad Olivo Giancarlo suonatore protagonista della rifondazione della banda nel 1979.<\/span><\/p>\n<p><img decoding=\"async\" class=\"aligncenter\" src=\"https:\/\/www.filarmonicamaniago.it\/wp-content\/uploads\/2022\/07\/DSC_5643.jpg\"><\/p>\n<p>La sede ha 6 aule per le lezioni di musica, tutte dotate di tastiera o pianoforte, una sala d&#8217;attesa con distributori automatici e angolo lettura, un&#8217;ampia sala prove e uno scantinato usato come deposito. La sede \u00e8 facilmente raggiungibile e possiede inoltre un parcheggio adiacente.<\/p>\t\t\t\t\t\t\t\t<\/div>\n\t\t\t\t<\/div>\n\t\t\t\t\t<\/div>\n\t\t<\/div>\n\t\t\t\t\t<\/div>\n\t\t<\/section>\n\t\t\t\t<section class=\"elementor-section elementor-top-section elementor-element elementor-element-f7e12eb elementor-section-boxed elementor-section-height-default elementor-section-height-default\" data-id=\"f7e12eb\" data-element_type=\"section\">\n\t\t\t\t\t\t<div class=\"elementor-container elementor-column-gap-default\">\n\t\t\t\t\t<div class=\"elementor-column elementor-col-100 elementor-top-column elementor-element elementor-element-bd1cb5f\" data-id=\"bd1cb5f\" data-element_type=\"column\">\n\t\t\t<div class=\"elementor-widget-wrap elementor-element-populated\">\n\t\t\t\t\t\t<div class=\"elementor-element elementor-element-36c038f elementor-widget elementor-widget-text-editor\" data-id=\"36c038f\" data-element_type=\"widget\" data-widget_type=\"text-editor.default\">\n\t\t\t\t<div class=\"elementor-widget-container\">\n\t\t\t\t\t\t\t\t\t<p><img decoding=\"async\" src=\"https:\/\/www.filarmonicamaniago.it\/wp-content\/uploads\/2022\/07\/DSC_5867.jpg\" \/><\/p><p><img decoding=\"async\" src=\"https:\/\/www.filarmonicamaniago.it\/wp-content\/uploads\/2022\/07\/DSC_5873.jpg\" \/><\/p><p><img decoding=\"async\" src=\"https:\/\/www.filarmonicamaniago.it\/wp-content\/uploads\/2022\/07\/DSC_5777.jpg\" \/><\/p><p><img decoding=\"async\" src=\"https:\/\/www.filarmonicamaniago.it\/wp-content\/uploads\/2022\/07\/DSC_5782.jpg\" \/><\/p>\t\t\t\t\t\t\t\t<\/div>\n\t\t\t\t<\/div>\n\t\t\t\t\t<\/div>\n\t\t<\/div>\n\t\t\t\t\t<\/div>\n\t\t<\/section>\n\t\t\t\t<\/div>\n\t\t","protected":false},"excerpt":{"rendered":"<p>Il Favri \u00e8 diventato la casa della Filarmonica della citt\u00e0 del coltello. Un piano che era in previsione da anni, ovvero dal novembre 2012 e che \u00e8 stato seguito, nella sua parte iniziale, dall\u2019allora presidente Gabriele Tiveron. Il progetto, attuato dal Comune di Maniago, ha consentito la ristrutturazione dell\u2019edificio in precedenza nato ed adibito, fino&hellip;&nbsp;<a href=\"https:\/\/www.filarmonicamaniago.it\/index.php\/la-sede\/\" rel=\"bookmark\"><span class=\"screen-reader-text\">La sede<\/span><\/a><\/p>\n","protected":false},"author":1,"featured_media":0,"parent":0,"menu_order":0,"comment_status":"closed","ping_status":"closed","template":"","meta":{"neve_meta_sidebar":"","neve_meta_container":"","neve_meta_enable_content_width":"","neve_meta_content_width":0,"neve_meta_title_alignment":"","neve_meta_author_avatar":"","neve_post_elements_order":"","neve_meta_disable_header":"","neve_meta_disable_footer":"","neve_meta_disable_title":"","footnotes":""},"class_list":["post-184","page","type-page","status-publish","hentry"],"_links":{"self":[{"href":"https:\/\/www.filarmonicamaniago.it\/index.php\/wp-json\/wp\/v2\/pages\/184","targetHints":{"allow":["GET"]}}],"collection":[{"href":"https:\/\/www.filarmonicamaniago.it\/index.php\/wp-json\/wp\/v2\/pages"}],"about":[{"href":"https:\/\/www.filarmonicamaniago.it\/index.php\/wp-json\/wp\/v2\/types\/page"}],"author":[{"embeddable":true,"href":"https:\/\/www.filarmonicamaniago.it\/index.php\/wp-json\/wp\/v2\/users\/1"}],"replies":[{"embeddable":true,"href":"https:\/\/www.filarmonicamaniago.it\/index.php\/wp-json\/wp\/v2\/comments?post=184"}],"version-history":[{"count":49,"href":"https:\/\/www.filarmonicamaniago.it\/index.php\/wp-json\/wp\/v2\/pages\/184\/revisions"}],"predecessor-version":[{"id":1089,"href":"https:\/\/www.filarmonicamaniago.it\/index.php\/wp-json\/wp\/v2\/pages\/184\/revisions\/1089"}],"wp:attachment":[{"href":"https:\/\/www.filarmonicamaniago.it\/index.php\/wp-json\/wp\/v2\/media?parent=184"}],"curies":[{"name":"wp","href":"https:\/\/api.w.org\/{rel}","templated":true}]}}