{"id":1364,"date":"2022-07-18T17:48:41","date_gmt":"2022-07-18T16:48:41","guid":{"rendered":"https:\/\/www.filarmonicamaniago.it\/?page_id=1364"},"modified":"2025-07-23T11:48:46","modified_gmt":"2025-07-23T10:48:46","slug":"musica-in-vacanza","status":"publish","type":"page","link":"https:\/\/www.filarmonicamaniago.it\/index.php\/musica-in-vacanza\/","title":{"rendered":"Musica in vacanza"},"content":{"rendered":"\n<div class=\"wp-block-columns is-layout-flex wp-container-core-columns-is-layout-9d6595d7 wp-block-columns-is-layout-flex\">\n<div class=\"wp-block-column is-vertically-aligned-center is-layout-flow wp-block-column-is-layout-flow\">\n<p><strong>\u201cMusica in vacanza<\/strong>\u201d \u00e8 un progetto rivolto ai ragazzi dai 7 ai 13 anni che gi\u00e0 suonano uno strumento o desiderano per la prima volta provare a suonarne uno e avvicinarsi cos\u00ec al mondo della musica. Dopo il successo delle prime edizioni l&#8217;A.F.M. lo ripropone anche quest&#8217;anno. Da luned\u00ec 25 agosto a venerd\u00ec 29 agosto, dalle ore 8:00 alle ore 12:30, presso i locali della Scuola di musica dell\u2019Associazione, i ragazzi che si iscriveranno potranno conoscere gli strumenti musicali ed esercitarsi su uno liberamente scelto tra quelli proposti. Le classi di strumento proposte sono: legni, ottoni, chitarra, violino, tastiere.<br>Musica in vacanza quindi \u00e8 un appuntamento mattutino per conoscere e approfondire in modo giocoso e divertente il mondo della musica e provare l\u2019esperienza di suonare uno strumento musicale, un approccio che potr\u00e0 poi continuare con l\u2019iscrizione ai corsi annuali della Scuola dell\u2019A.F.M.<\/p>\n<\/div>\n\n\n\n<div class=\"wp-block-column is-layout-flow wp-block-column-is-layout-flow\">\n<div id=\"section-g6fa557\" class=\"wp-block-gutentor-e6 section-g6fa557 gutentor-element gutentor-element-image\"><div class=\"gutentor-element-image-box\"><div class=\"gutentor-image-thumb\"><img decoding=\"async\" class=\"normal-image\" src=\"https:\/\/www.filarmonicamaniago.it\/wp-content\/uploads\/2025\/07\/musica-in-vacanza-2025.jpg\"\/><\/div><\/div><\/div>\n<\/div>\n<\/div>\n\n\n\n<div id=\"gmfa43bfe\" class=\"wp-block-gutentor-m1 section-gmfa43bfe gutentor-module gutentor-element-button-group button-align-center-desktop g-btn-horizontal-d g-btn-horizontal-t g-btn-horizontal-m\"><div class=\"gutentor-element-button-group-wrap\">\n<div id=\"section-g87288e\" class=\"wp-block-gutentor-e2 section-g87288e gutentor-element gutentor-element-button\"><span class=\"gutentor-button-wrap\"><a class=\"gutentor-button gutentor-block-button gutentor-icon-hide\" href=\"https:\/\/scuola.filarmonicamaniago.it\/\" target=\"_blank\" rel=\" noopener noreferrer\"><i class=\"gutentor-button-icon fas fa-book\"><\/i><span>Vai all&#8217;iscrizione<\/span><\/a><\/span><\/div>\n<\/div><\/div>\n\n\n\n<p><\/p>\n\n\n\n<p><strong>Istruzioni dettagliate per l&#8217;iscrizione:<\/strong> <a href=\"https:\/\/www.filarmonicamaniago.it\/wp-content\/uploads\/2022\/09\/GUIDA-UTENTE.pdf\" target=\"_blank\" rel=\"noreferrer noopener\">clicca qui<\/a><\/p>\n\n\n\n<p><\/p>\n","protected":false},"excerpt":{"rendered":"<p>\u201cMusica in vacanza\u201d \u00e8 un progetto rivolto ai ragazzi dai 7 ai 13 anni che gi\u00e0 suonano uno strumento o desiderano per la prima volta provare a suonarne uno e avvicinarsi cos\u00ec al mondo della musica. Dopo il successo delle prime edizioni l&#8217;A.F.M. lo ripropone anche quest&#8217;anno. Da luned\u00ec 25 agosto a venerd\u00ec 29 agosto,&hellip;&nbsp;<a href=\"https:\/\/www.filarmonicamaniago.it\/index.php\/musica-in-vacanza\/\" rel=\"bookmark\"><span class=\"screen-reader-text\">Musica in vacanza<\/span><\/a><\/p>\n","protected":false},"author":1,"featured_media":0,"parent":0,"menu_order":0,"comment_status":"closed","ping_status":"closed","template":"","meta":{"neve_meta_sidebar":"","neve_meta_container":"","neve_meta_enable_content_width":"","neve_meta_content_width":0,"neve_meta_title_alignment":"","neve_meta_author_avatar":"","neve_post_elements_order":"","neve_meta_disable_header":"","neve_meta_disable_footer":"","neve_meta_disable_title":"","footnotes":""},"class_list":["post-1364","page","type-page","status-publish","hentry"],"_links":{"self":[{"href":"https:\/\/www.filarmonicamaniago.it\/index.php\/wp-json\/wp\/v2\/pages\/1364","targetHints":{"allow":["GET"]}}],"collection":[{"href":"https:\/\/www.filarmonicamaniago.it\/index.php\/wp-json\/wp\/v2\/pages"}],"about":[{"href":"https:\/\/www.filarmonicamaniago.it\/index.php\/wp-json\/wp\/v2\/types\/page"}],"author":[{"embeddable":true,"href":"https:\/\/www.filarmonicamaniago.it\/index.php\/wp-json\/wp\/v2\/users\/1"}],"replies":[{"embeddable":true,"href":"https:\/\/www.filarmonicamaniago.it\/index.php\/wp-json\/wp\/v2\/comments?post=1364"}],"version-history":[{"count":19,"href":"https:\/\/www.filarmonicamaniago.it\/index.php\/wp-json\/wp\/v2\/pages\/1364\/revisions"}],"predecessor-version":[{"id":3209,"href":"https:\/\/www.filarmonicamaniago.it\/index.php\/wp-json\/wp\/v2\/pages\/1364\/revisions\/3209"}],"wp:attachment":[{"href":"https:\/\/www.filarmonicamaniago.it\/index.php\/wp-json\/wp\/v2\/media?parent=1364"}],"curies":[{"name":"wp","href":"https:\/\/api.w.org\/{rel}","templated":true}]}}